{"id":1594,"date":"2024-06-14T18:02:36","date_gmt":"2024-06-14T17:02:36","guid":{"rendered":"https:\/\/michalbenedick.com\/?post_type=product&#038;p=1594"},"modified":"2025-02-08T10:05:22","modified_gmt":"2025-02-08T09:05:22","slug":"la-question-du-coach","status":"publish","type":"product","link":"https:\/\/michalbenedick.com\/index.php\/produit\/la-question-du-coach\/","title":{"rendered":"La question du coach"},"content":{"rendered":"<p>50 cartes, sur chaque carte une question pour changer de point de vue sur votre situation.<br \/>Le principe : seul, \u00e0 deux ou en s\u00e9ance de coaching, posez une question par rapport \u00e0 la situation qui vous fait face. Tirez une carte au hasard et lisez la question. Observez un temps de silence pour accueillir une nouvelle mani\u00e8re de voir la situation.<\/p>\n<p>Colori\u00e9 \u00e0 la main par mes soins, un floril\u00e8ge de mes questions pr\u00e9f\u00e9r\u00e9es \u00e0 destination de tous. Comme il n&rsquo;y a pas deux hasards, la carte tir\u00e9e est la question dont vous avez besoin !<br \/>En s\u00e9ance de coaching, de soi \u00e0 soi ou avec son chat. Miaou !<\/p>\n<p>A vous de jouer !<\/p>\n","protected":false},"excerpt":{"rendered":"<p>Un jeu pour pimenter votre r\u00e9flexion !<\/p>\n","protected":false},"featured_media":1801,"template":"","meta":{"_monsterinsights_skip_tracking":false,"_monsterinsights_sitenote_active":false,"_monsterinsights_sitenote_note":"","_monsterinsights_sitenote_category":0,"_glsr_average":0,"_glsr_ranking":0,"_glsr_reviews":0},"product_brand":[],"product_cat":[50],"product_tag":[],"class_list":{"0":"post-1594","1":"product","2":"type-product","3":"status-publish","4":"has-post-thumbnail","6":"product_cat-non-classe","7":"product_shipping_class-france","9":"first","10":"instock","11":"shipping-taxable","12":"purchasable","13":"product-type-simple"},"_links":{"self":[{"href":"https:\/\/michalbenedick.com\/index.php\/wp-json\/wp\/v2\/product\/1594","targetHints":{"allow":["GET"]}}],"collection":[{"href":"https:\/\/michalbenedick.com\/index.php\/wp-json\/wp\/v2\/product"}],"about":[{"href":"https:\/\/michalbenedick.com\/index.php\/wp-json\/wp\/v2\/types\/product"}],"wp:featuredmedia":[{"embeddable":true,"href":"https:\/\/michalbenedick.com\/index.php\/wp-json\/wp\/v2\/media\/1801"}],"wp:attachment":[{"href":"https:\/\/michalbenedick.com\/index.php\/wp-json\/wp\/v2\/media?parent=1594"}],"wp:term":[{"taxonomy":"product_brand","embeddable":true,"href":"https:\/\/michalbenedick.com\/index.php\/wp-json\/wp\/v2\/product_brand?post=1594"},{"taxonomy":"product_cat","embeddable":true,"href":"https:\/\/michalbenedick.com\/index.php\/wp-json\/wp\/v2\/product_cat?post=1594"},{"taxonomy":"product_tag","embeddable":true,"href":"https:\/\/michalbenedick.com\/index.php\/wp-json\/wp\/v2\/product_tag?post=1594"}],"curies":[{"name":"wp","href":"https:\/\/api.w.org\/{rel}","templated":true}]}}