{"id":677,"date":"2018-12-04T12:19:14","date_gmt":"2018-12-04T11:19:14","guid":{"rendered":"http:\/\/michalbenedick.com\/?page_id=677"},"modified":"2026-02-02T17:54:37","modified_gmt":"2026-02-02T16:54:37","slug":"accompagnement-dequipe","status":"publish","type":"page","link":"https:\/\/michalbenedick.com\/index.php\/coaching-individuel\/accompagnement-dequipe\/","title":{"rendered":"Accompagnement d&rsquo;\u00e9quipe"},"content":{"rendered":"\r\n<div class=\"wp-block-columns is-layout-flex wp-container-core-columns-is-layout-28f84493 wp-block-columns-is-layout-flex\">\r\n<div class=\"wp-block-column is-layout-flow wp-block-column-is-layout-flow\" style=\"flex-basis: 66.66%;\">\r\n<p class=\"has-text-color has-background\" style=\"background-color: #fc4a77; color: #ffffff;\">Les accompagnements d&rsquo;\u00e9quipes se font dans le cadre de ManaMana, coop\u00e9rative de 4 coachs au c\u0153ur empli de joie. D\u00e9couvrez notre approche sur <a href=\"http:\/\/manamana.fr\" target=\"_blank\" rel=\"noreferrer noopener\" aria-label=\" (s\u2019ouvre dans un nouvel onglet)\"><strong>www.manamana.fr <\/strong><\/a><\/p>\r\n\r\n\r\n\r\n<p><span style=\"color: #000000;\">L\u2019accompagnement de l\u2019\u00e9quipe et de l\u2019organisation\u00a0:<\/span><\/p>\r\n\r\n\r\n\r\n<ul class=\"wp-block-list\">\r\n<li><span style=\"color: #000000;\">r\u00e9v\u00e8le et conjugue les forces et ressources en pr\u00e9sence<\/span><\/li>\r\n<li><span style=\"color: #000000;\">f\u00e9d\u00e8re autour de la vision partag\u00e9e<\/span><\/li>\r\n<li><span style=\"color: #000000;\">am\u00e9liore l\u2019\u00e9coute et la communication entre les membres de l\u2019\u00e9quipe<\/span><\/li>\r\n<li><span style=\"color: #000000;\">met en route les \u00e9quipes et leur potentiel<\/span><\/li>\r\n<\/ul>\r\n\r\n\r\n\r\n<p><!--EndFragment-->Co-auteur avec Robert Collart de <strong><em>B\u00e2tir une organisation collaborative<\/em><\/strong>, Editions Pearson, d\u00e9cembre 2018, pr\u00e9face Isaac Getz.<\/p>\r\n<p>&nbsp;<\/p>\r\n\r\n\r\n\r\n<figure class=\"wp-block-image size-large\"><img loading=\"lazy\" decoding=\"async\" width=\"640\" height=\"424\" class=\"wp-image-709\" src=\"https:\/\/michalbenedick.com\/wp-content\/uploads\/2018\/12\/Webp.net-gifmaker.gif\" alt=\"\" \/><\/figure>\r\n\r\n\r\n\r\n<div class=\"wp-block-columns is-layout-flex wp-container-core-columns-is-layout-28f84493 wp-block-columns-is-layout-flex\">\r\n\r\n\r\n<div class=\"wp-block-column is-layout-flow wp-block-column-is-layout-flow\">\u00a0<\/div>\r\n<\/div>\r\n<\/div>\r\n<div class=\"wp-block-column\" style=\"flex-basis: 33.33%;\">\r\n\r\n\r\n<p><strong>Prochains stages <\/strong><\/p>\r\n\r\n\r\n\r\n\n\t\t\t\t<div class=\"event-list\">\n\t\t\t\t<style type=\"text\/css\">\n\t\t\t\t\t.filterbar { display:table; width:100% }\n\t\t\t\t\t.filterbar > div { display:table-cell }\n\t\t\t\t<\/style>\n\t\t\t\t<!--[if lte IE 7]>\n\t\t\t\t<style>.filterbar > div { float:left }<\/style>\n\t\t\t\t<![endif]-->\n\t\t\t\t<div class=\"filterbar subsubsub\">\n\t\t\t\t\t<div style=\"text-align:left\"><ul class=\"hlist\"><li><a href=\"https:\/\/michalbenedick.com\/index.php\/coaching-individuel\/accompagnement-dequipe\/?date1=all\">Tous<\/a><\/li><li><strong>A venir<\/strong><\/li><li><a href=\"https:\/\/michalbenedick.com\/index.php\/coaching-individuel\/accompagnement-dequipe\/?date1=2019\">2019<\/a><\/li><li><a href=\"https:\/\/michalbenedick.com\/index.php\/coaching-individuel\/accompagnement-dequipe\/?date1=2020\">2020<\/a><\/li><li><a href=\"https:\/\/michalbenedick.com\/index.php\/coaching-individuel\/accompagnement-dequipe\/?date1=2021\">2021<\/a><\/li><li><a href=\"https:\/\/michalbenedick.com\/index.php\/coaching-individuel\/accompagnement-dequipe\/?date1=2022\">2022<\/a><\/li><li><a href=\"https:\/\/michalbenedick.com\/index.php\/coaching-individuel\/accompagnement-dequipe\/?date1=2023\">2023<\/a><\/li><\/ul>\n\t\t\t\t\t<\/div><\/div><p>Les dates du prochaine semestre ne sont pas encore en ligne. Contactez-moi pour \u00eatre tenu au courant quand elles le seront.<\/p>\n\t\t\t\t<\/div>\r\n\r\n\r\n\r\n<div class=\"wp-block-file alignleft\"><a class=\"wp-block-file__button\" href=\"https:\/\/michalbenedick.com\/wp-content\/uploads\/2020\/06\/D\u00e9ontologie_Michal_Benedick_Coach-1.pdf\" download=\"\">Consulter la charte d\u00e9ontolohique<\/a><\/div>\r\n<\/div>\r\n<\/div>\r\n\r\n\r\n\r\n<p>&nbsp;<\/p>\r\n\r\n\r\n\r\n<div class=\"wp-block-columns is-layout-flex wp-container-core-columns-is-layout-28f84493 wp-block-columns-is-layout-flex\">\r\n<div class=\"wp-block-column is-layout-flow wp-block-column-is-layout-flow\">\u00a0<\/div>\r\n\r\n\r\n\r\n<div class=\"wp-block-column is-layout-flow wp-block-column-is-layout-flow\">\u00a0<\/div>\r\n<\/div>\r\n\r\n\r\n\r\n<p><span style=\"color: #000000;\">\u00a0 \u00a0<\/span><\/p>\r\n","protected":false},"excerpt":{"rendered":"<p>Les accompagnements d&rsquo;\u00e9quipes se font dans le cadre de ManaMana, coop\u00e9rative de 4 coachs au c\u0153ur empli de joie. D\u00e9couvrez notre approche sur www.manamana.fr L\u2019accompagnement de l\u2019\u00e9quipe et de l\u2019organisation\u00a0: r\u00e9v\u00e8le et conjugue les forces et ressources en pr\u00e9sence f\u00e9d\u00e8re autour de la vision partag\u00e9e am\u00e9liore l\u2019\u00e9coute et la communication entre les membres de l\u2019\u00e9quipe [&hellip;]<\/p>\n","protected":false},"author":1,"featured_media":0,"parent":339,"menu_order":0,"comment_status":"closed","ping_status":"closed","template":"","meta":{"_monsterinsights_skip_tracking":false,"_monsterinsights_sitenote_active":false,"_monsterinsights_sitenote_note":"","_monsterinsights_sitenote_category":0,"_glsr_average":0,"_glsr_ranking":0,"_glsr_reviews":0,"footnotes":""},"class_list":["post-677","page","type-page","status-publish","hentry"],"_links":{"self":[{"href":"https:\/\/michalbenedick.com\/index.php\/wp-json\/wp\/v2\/pages\/677","targetHints":{"allow":["GET"]}}],"collection":[{"href":"https:\/\/michalbenedick.com\/index.php\/wp-json\/wp\/v2\/pages"}],"about":[{"href":"https:\/\/michalbenedick.com\/index.php\/wp-json\/wp\/v2\/types\/page"}],"author":[{"embeddable":true,"href":"https:\/\/michalbenedick.com\/index.php\/wp-json\/wp\/v2\/users\/1"}],"replies":[{"embeddable":true,"href":"https:\/\/michalbenedick.com\/index.php\/wp-json\/wp\/v2\/comments?post=677"}],"version-history":[{"count":16,"href":"https:\/\/michalbenedick.com\/index.php\/wp-json\/wp\/v2\/pages\/677\/revisions"}],"predecessor-version":[{"id":1623,"href":"https:\/\/michalbenedick.com\/index.php\/wp-json\/wp\/v2\/pages\/677\/revisions\/1623"}],"up":[{"embeddable":true,"href":"https:\/\/michalbenedick.com\/index.php\/wp-json\/wp\/v2\/pages\/339"}],"wp:attachment":[{"href":"https:\/\/michalbenedick.com\/index.php\/wp-json\/wp\/v2\/media?parent=677"}],"curies":[{"name":"wp","href":"https:\/\/api.w.org\/{rel}","templated":true}]}}