{"id":352,"date":"2016-07-26T15:22:14","date_gmt":"2016-07-26T14:22:14","guid":{"rendered":"http:\/\/michalbenedick.com\/?page_id=352"},"modified":"2026-01-28T18:43:15","modified_gmt":"2026-01-28T17:43:15","slug":"blog-2","status":"publish","type":"page","link":"https:\/\/michalbenedick.com\/index.php\/blog-2\/","title":{"rendered":"Blog"},"content":{"rendered":"\n<div class=\"wp-block-query is-layout-flow wp-block-query-is-layout-flow\"><ul class=\"wp-block-post-template is-layout-flow wp-block-post-template-is-layout-flow\"><li class=\"wp-block-post post-1883 post type-post status-publish format-standard has-post-thumbnail hentry category-blog\">\n<h2 class=\"wp-block-post-title\"><a href=\"https:\/\/michalbenedick.com\/index.php\/2026\/01\/19\/bienvenu-2026-voici-mon-bilan-2025\/\" target=\"_self\" >Bienvenu 2026 ! Voici mon bilan 2025<\/a><\/h2>\n\n<figure class=\"alignwide wp-block-post-featured-image\"><a href=\"https:\/\/michalbenedick.com\/index.php\/2026\/01\/19\/bienvenu-2026-voici-mon-bilan-2025\/\" target=\"_self\"  ><img loading=\"lazy\" decoding=\"async\" width=\"1101\" height=\"1101\" src=\"https:\/\/michalbenedick.com\/wp-content\/uploads\/2026\/01\/Collage-voeux-2026-Michal-Benedick-1.jpg\" class=\"attachment-post-thumbnail size-post-thumbnail wp-post-image\" alt=\"Bienvenu 2026 ! Voici mon bilan 2025\" style=\"object-fit:cover;\" srcset=\"https:\/\/michalbenedick.com\/wp-content\/uploads\/2026\/01\/Collage-voeux-2026-Michal-Benedick-1.jpg 1101w, https:\/\/michalbenedick.com\/wp-content\/uploads\/2026\/01\/Collage-voeux-2026-Michal-Benedick-1-300x300.jpg 300w, https:\/\/michalbenedick.com\/wp-content\/uploads\/2026\/01\/Collage-voeux-2026-Michal-Benedick-1-1024x1024.jpg 1024w, https:\/\/michalbenedick.com\/wp-content\/uploads\/2026\/01\/Collage-voeux-2026-Michal-Benedick-1-768x768.jpg 768w, https:\/\/michalbenedick.com\/wp-content\/uploads\/2026\/01\/Collage-voeux-2026-Michal-Benedick-1-600x600.jpg 600w, https:\/\/michalbenedick.com\/wp-content\/uploads\/2026\/01\/Collage-voeux-2026-Michal-Benedick-1-100x100.jpg 100w\" sizes=\"auto, (max-width: 1101px) 100vw, 1101px\" \/><\/a><\/figure>\n\n<div class=\"wp-block-post-excerpt\"><p class=\"wp-block-post-excerpt__excerpt\">En 2025, j&rsquo;ai c\u00e9l\u00e9br\u00e9 mes 15 ans de coaching et mes 10 ans d&rsquo;accompagnement \u00ab\u00a0singularit\u00e9\u00a0\u00bb. Une\u00a0ann\u00e9e intense, dense, danse, challengeante, questionnante, joyeuse, avec des changements vari\u00e9s et nombreux, une belle densit\u00e9 d\u2019action ! Voici la couleur de mon ann\u00e9e 2025 (avec mes 3 anecdotes pr\u00e9f\u00e9r\u00e9es&#8230; si vous lisez jusqu&rsquo;au bout !) Mon bilan 2025 en<\/p><p class=\"wp-block-post-excerpt__more-text\"><a class=\"wp-block-post-excerpt__more-link\" href=\"https:\/\/michalbenedick.com\/index.php\/2026\/01\/19\/bienvenu-2026-voici-mon-bilan-2025\/\">Lire la suite<\/a><\/p><\/div>\n\n<div class=\"wp-block-post-date\"><time datetime=\"2026-01-19T16:25:43+01:00\">19 janvier 2026<\/time><\/div>\n\n\n<hr class=\"wp-block-separator has-css-opacity\"\/>\n\n<\/li><li class=\"wp-block-post post-1870 post type-post status-publish format-standard has-post-thumbnail hentry category-blog\">\n<h2 class=\"wp-block-post-title\"><a href=\"https:\/\/michalbenedick.com\/index.php\/2025\/09\/15\/quand-le-syndrome-de-limposteur-revele-paradoxalement-votre-singularite\/\" target=\"_self\" >Quand le syndrome de l\u2019imposteur r\u00e9v\u00e8le (paradoxalement) votre singularit\u00e9<\/a><\/h2>\n\n<figure class=\"alignwide wp-block-post-featured-image\"><a href=\"https:\/\/michalbenedick.com\/index.php\/2025\/09\/15\/quand-le-syndrome-de-limposteur-revele-paradoxalement-votre-singularite\/\" target=\"_self\"  ><img loading=\"lazy\" decoding=\"async\" width=\"1000\" height=\"666\" src=\"https:\/\/michalbenedick.com\/wp-content\/uploads\/2025\/09\/1000043853-1.jpg\" class=\"attachment-post-thumbnail size-post-thumbnail wp-post-image\" alt=\"Quand le syndrome de l\u2019imposteur r\u00e9v\u00e8le (paradoxalement) votre singularit\u00e9\" style=\"object-fit:cover;\" srcset=\"https:\/\/michalbenedick.com\/wp-content\/uploads\/2025\/09\/1000043853-1.jpg 1000w, https:\/\/michalbenedick.com\/wp-content\/uploads\/2025\/09\/1000043853-1-300x200.jpg 300w, https:\/\/michalbenedick.com\/wp-content\/uploads\/2025\/09\/1000043853-1-768x511.jpg 768w, https:\/\/michalbenedick.com\/wp-content\/uploads\/2025\/09\/1000043853-1-600x400.jpg 600w\" sizes=\"auto, (max-width: 1000px) 100vw, 1000px\" \/><\/a><\/figure>\n\n<div class=\"wp-block-post-excerpt\"><p class=\"wp-block-post-excerpt__excerpt\">Le syndrome de l\u2019imposteur, c\u2019est un peu comme ce colocataire envahissant qu\u2019on n\u2019a jamais invit\u00e9 mais qui squatte le canap\u00e9, finit le lait dans le frigo et critique la d\u00e9co. Il d\u00e9barque pile au mauvais moment : avant une pr\u00e9sentation, un rendez-vous important, ou quand vous osez enfin sortir une id\u00e9e qui vous ressemble. Et<\/p><p class=\"wp-block-post-excerpt__more-text\"><a class=\"wp-block-post-excerpt__more-link\" href=\"https:\/\/michalbenedick.com\/index.php\/2025\/09\/15\/quand-le-syndrome-de-limposteur-revele-paradoxalement-votre-singularite\/\">Lire la suite<\/a><\/p><\/div>\n\n<div class=\"wp-block-post-date\"><time datetime=\"2025-09-15T10:11:53+01:00\">15 septembre 2025<\/time><\/div>\n\n\n<hr class=\"wp-block-separator has-css-opacity\"\/>\n\n<\/li><li class=\"wp-block-post post-1695 post type-post status-publish format-standard has-post-thumbnail hentry category-blog\">\n<h2 class=\"wp-block-post-title\"><a href=\"https:\/\/michalbenedick.com\/index.php\/2024\/06\/30\/le-syndrome-de-limposteur\/\" target=\"_self\" >Cher syndrome de l\u2019imposteur<\/a><\/h2>\n\n<figure class=\"alignwide wp-block-post-featured-image\"><a href=\"https:\/\/michalbenedick.com\/index.php\/2024\/06\/30\/le-syndrome-de-limposteur\/\" target=\"_self\"  ><img loading=\"lazy\" decoding=\"async\" width=\"2560\" height=\"2196\" src=\"https:\/\/michalbenedick.com\/wp-content\/uploads\/2024\/06\/pexels-see2believe-4014053-scaled.jpg\" class=\"attachment-post-thumbnail size-post-thumbnail wp-post-image\" alt=\"Cher syndrome de l\u2019imposteur\" style=\"object-fit:cover;\" srcset=\"https:\/\/michalbenedick.com\/wp-content\/uploads\/2024\/06\/pexels-see2believe-4014053-scaled.jpg 2560w, https:\/\/michalbenedick.com\/wp-content\/uploads\/2024\/06\/pexels-see2believe-4014053-300x257.jpg 300w, https:\/\/michalbenedick.com\/wp-content\/uploads\/2024\/06\/pexels-see2believe-4014053-1024x878.jpg 1024w, https:\/\/michalbenedick.com\/wp-content\/uploads\/2024\/06\/pexels-see2believe-4014053-768x659.jpg 768w, https:\/\/michalbenedick.com\/wp-content\/uploads\/2024\/06\/pexels-see2believe-4014053-1536x1317.jpg 1536w, https:\/\/michalbenedick.com\/wp-content\/uploads\/2024\/06\/pexels-see2believe-4014053-2048x1757.jpg 2048w, https:\/\/michalbenedick.com\/wp-content\/uploads\/2024\/06\/pexels-see2believe-4014053-600x515.jpg 600w\" sizes=\"auto, (max-width: 2560px) 100vw, 2560px\" \/><\/a><\/figure>\n\n<div class=\"wp-block-post-excerpt\"><p class=\"wp-block-post-excerpt__excerpt\">De quoi parle-t-on ici ? J\u2019ai 5 ans, je monte sur sc\u00e8ne pour mon premier spectacle de danse. Le sol soutient mes arabesques bringuebalantes, les lumi\u00e8res accompagnent mes mouvements et apr\u00e8s 3\u201947\u2019\u2019 en rythme sur Jean-Michel Jarre, c\u2019est l\u2019ovation, je suis une star. J\u2019ai 32 ans et je quitte la sc\u00e8ne. Je viens d\u2019assurer une<\/p><p class=\"wp-block-post-excerpt__more-text\"><a class=\"wp-block-post-excerpt__more-link\" href=\"https:\/\/michalbenedick.com\/index.php\/2024\/06\/30\/le-syndrome-de-limposteur\/\">Lire la suite<\/a><\/p><\/div>\n\n<div class=\"wp-block-post-date\"><time datetime=\"2024-06-30T19:57:48+01:00\">30 juin 2024<\/time><\/div>\n\n\n<hr class=\"wp-block-separator has-css-opacity\"\/>\n\n<\/li><\/ul><\/div>\n\n\n\n<div class=\"wp-block-columns is-layout-flex wp-container-core-columns-is-layout-28f84493 wp-block-columns-is-layout-flex\">\n<div class=\"wp-block-column is-layout-flow wp-block-column-is-layout-flow\" style=\"flex-basis:100%\">\n<div class=\"wp-block-query has-global-padding is-layout-constrained wp-block-query-is-layout-constrained\"><\/div>\n<\/div>\n<\/div>\n\n\n\n<div class=\"wp-block-group alignfull has-accent-5-background-color has-background has-global-padding is-layout-constrained wp-container-core-group-is-layout-d89aad35 wp-block-group-is-layout-constrained\" style=\"margin-top:0;margin-bottom:0;padding-top:var(--wp--preset--spacing--50);padding-right:var(--wp--preset--spacing--50);padding-bottom:var(--wp--preset--spacing--50);padding-left:var(--wp--preset--spacing--50)\">\n\n\n\n\n<div class=\"wp-block-group alignwide has-base-2-background-color has-background has-global-padding is-layout-constrained wp-container-core-group-is-layout-39412042 wp-block-group-is-layout-constrained\" style=\"border-radius:16px;padding-top:var(--wp--preset--spacing--40);padding-right:var(--wp--preset--spacing--50);padding-bottom:var(--wp--preset--spacing--40);padding-left:var(--wp--preset--spacing--50)\">\n<div style=\"height:var(--wp--preset--spacing--10)\" aria-hidden=\"true\" class=\"wp-block-spacer\"><\/div>\n\n\n\n<h2 class=\"wp-block-heading has-text-align-center has-x-large-font-size\">Recevez les articles !<\/h2>\n\n\n\n<p class=\"has-text-align-center\">2 \u00e0 3 lettres par ans, dans votre bo\u00eete mail<\/p>\n\n\n\n<div class=\"wp-block-buttons is-content-justification-center is-layout-flex wp-container-core-buttons-is-layout-a89b3969 wp-block-buttons-is-layout-flex\">\n<div class=\"wp-block-button\"><a class=\"wp-block-button__link wp-element-button\">S\u2019inscrire<\/a><\/div>\n<\/div>\n\n\n\n<div style=\"height:var(--wp--preset--spacing--10)\" aria-hidden=\"true\" class=\"wp-block-spacer\"><\/div>\n<\/div>\n<\/div>\n\n\n\n<p><\/p>\n","protected":false},"excerpt":{"rendered":"<p>Recevez les articles ! 2 \u00e0 3 lettres par ans, dans votre bo\u00eete mail<\/p>\n","protected":false},"author":1,"featured_media":0,"parent":0,"menu_order":0,"comment_status":"closed","ping_status":"closed","template":"page-with-sidebar","meta":{"_monsterinsights_skip_tracking":false,"_monsterinsights_sitenote_active":false,"_monsterinsights_sitenote_note":"","_monsterinsights_sitenote_category":0,"_glsr_average":0,"_glsr_ranking":0,"_glsr_reviews":0,"footnotes":""},"class_list":["post-352","page","type-page","status-publish","hentry"],"_links":{"self":[{"href":"https:\/\/michalbenedick.com\/index.php\/wp-json\/wp\/v2\/pages\/352","targetHints":{"allow":["GET"]}}],"collection":[{"href":"https:\/\/michalbenedick.com\/index.php\/wp-json\/wp\/v2\/pages"}],"about":[{"href":"https:\/\/michalbenedick.com\/index.php\/wp-json\/wp\/v2\/types\/page"}],"author":[{"embeddable":true,"href":"https:\/\/michalbenedick.com\/index.php\/wp-json\/wp\/v2\/users\/1"}],"replies":[{"embeddable":true,"href":"https:\/\/michalbenedick.com\/index.php\/wp-json\/wp\/v2\/comments?post=352"}],"version-history":[{"count":19,"href":"https:\/\/michalbenedick.com\/index.php\/wp-json\/wp\/v2\/pages\/352\/revisions"}],"predecessor-version":[{"id":2048,"href":"https:\/\/michalbenedick.com\/index.php\/wp-json\/wp\/v2\/pages\/352\/revisions\/2048"}],"wp:attachment":[{"href":"https:\/\/michalbenedick.com\/index.php\/wp-json\/wp\/v2\/media?parent=352"}],"curies":[{"name":"wp","href":"https:\/\/api.w.org\/{rel}","templated":true}]}}