{"id":167,"date":"2015-12-31T01:08:26","date_gmt":"2015-12-31T00:08:26","guid":{"rendered":"http:\/\/michalbenedick.com\/?page_id=167"},"modified":"2020-04-22T13:46:04","modified_gmt":"2020-04-22T12:46:04","slug":"revelation-singularite","status":"publish","type":"page","link":"https:\/\/michalbenedick.com\/index.php\/revelation-singularite\/","title":{"rendered":"R\u00e9v\u00e9ler sa singularit\u00e9"},"content":{"rendered":"\n<div class=\"wp-block-columns is-layout-flex wp-container-core-columns-is-layout-28f84493 wp-block-columns-is-layout-flex\">\n<div class=\"wp-block-column is-layout-flow wp-block-column-is-layout-flow\" style=\"flex-basis:66.66%\">\n<p class=\"has-text-color has-medium-font-size has-very-dark-gray-color\"><strong>Prenez conscience de ce qui vous motive vraiment, ce que vous faites le mieux et quelles sont les conditions dont vous avez besoin pour vivre cet \u00e9tat de flow.<\/strong><\/p>\n\n\n\n<div class=\"wp-block-button is-style-outline is-style-outline--1\"><a class=\"wp-block-button__link has-text-color has-very-dark-gray-color has-background has-pale-cyan-blue-background-color\" href=\"https:\/\/michalbenedick.com\/index.php\/inscription-singularite\/\" style=\"border-radius:15px\">S&rsquo;inscrire<\/a><\/div>\n\n\n\n<p><\/p>\n\n\n\n<p>Nous le savons tous : nous sommes notre propre facteur de succ\u00e8s. Mais sommes-nous toujours dans les conditions n\u00e9cessaires pour le d\u00e9velopper ? Oui, \u00e0 condition d\u2019affirmer ce que l\u2019on fait de mieux, en toute authenticit\u00e9, en prenant la place qui est la n\u00f4tre.<\/p>\n\n\n\n<p>Chacun de nous dispose de comp\u00e9tences, sp\u00e9cifiques, talents et qualit\u00e9s. Parmi toutes ces qualit\u00e9s, une en particulier requi\u00e8re notre attention : il s\u2019agit d\u2019une s\u00e9quence comportementale d\u00e9velopp\u00e9e assez t\u00f4t. Cette s\u00e9quence nous am\u00e8ne \u00e0 \u00eatre excellents dans certains domaines.<\/p>\n\n\n\n<ul class=\"wp-block-list\"><li><strong><a href=\"http:\/\/www.mckinsey.com\/insights\/organization\/increasing_the_meaning_quotient_of_work\" target=\"_blank\" rel=\"noreferrer noopener\">Une \u00e9tude de la soci\u00e9t\u00e9 Mc Kinsey montre que dans cette situation, nous sommes 5 fois plus performants<\/a><\/strong><\/li><li><strong><a href=\"https:\/\/www.psychologytoday.com\/blog\/the-playing-field\/201402\/flow-states-and-creativity\" target=\"_blank\" rel=\"noreferrer noopener\">Les recherches de Steven Kotler sur cet \u00e9tat proposent \u00e9galement que nous sommes 7 fois plus cr\u00e9atifs<\/a><\/strong><\/li><\/ul>\n\n\n\n<p>Par esprit de conformisme, on a parfois tendance \u00e0 minimiser cette facult\u00e9, voire \u00e0 la taire. De plus, cette aptitude nous semble tellement simple, facile et \u00e9vidente, que l\u2019on est souvent convaincu que tout le monde peut le faire.<\/p>\n\n\n\n<p>Aujourd\u2019hui, vous pouvez identifier en quoi vous \u00eates si sp\u00e9cial, si unique : il est temps de le d\u00e9clarer au grand jour ! Pour vivre au quotidien en ad\u00e9quation avec qui vous \u00eates et de donner du sens \u00e0 votre action.<\/p>\n\n\n\n<p><\/p>\n\n\n\n<h5 class=\"wp-block-heading\">Comment d\u00e9couvrir sa singularit\u00e9 ?<\/h5>\n\n\n\n<p>Un s\u00e9minaire de deux jours permet de la d\u00e9couvrir et de l\u2019affirmer. C\u2019est \u00e0 la fois le d\u00e9but du chemin et pas de g\u00e9ant vers qui nous sommes vraiment. Pour certains, ce s\u00e9minaire repr\u00e9sente une prise de conscience sur ce qu\u2019il convient de mettre en avant, et ce qu\u2019il faut abandonner dans leur activit\u00e9 professionnelle. Pour d\u2019autres, le s\u00e9minaire repr\u00e9sente un tournant d\u00e9cisif dans leur carri\u00e8re.<\/p>\n<\/div>\n\n\n\n<div class=\"wp-block-column is-layout-flow wp-block-column-is-layout-flow\" style=\"flex-basis:33.33%\">\n<p class=\"has-text-color has-background has-very-dark-gray-color has-very-light-gray-background-color\">En raison de l\u2019\u00e9pid\u00e9mie, les s\u00e9ances de coaching ont lieu par visio-conf\u00e9rence. Les stages \u00ab\u00a0Singularit\u00e9\u00a0\u00bb et \u00ab\u00a0Missions\u00a0\u00bb se font en individuel et en visio. Le stage Back to basics a lieu par t\u00e9l\u00e9pathie &#x1f642; Prenez soin de vous ! <\/p>\n\n\n\n<div class=\"wp-block-button is-style-outline is-style-outline--2\"><a class=\"wp-block-button__link has-text-color has-very-dark-gray-color has-background has-pale-cyan-blue-background-color\" href=\"https:\/\/michalbenedick.com\/index.php\/temoignages\/\" style=\"border-radius:15px\">Lire les t\u00e9moignages<\/a><\/div>\n\n\n\n<p><\/p>\n\n\n\n<p class=\"has-text-color has-background has-very-dark-gray-color has-very-light-gray-background-color\">Envoyez-moi un message pour \u00eatre inform\u00e9 de la date de la prochaine conf\u00e9rence en visio pour d\u00e9couvrir votre singularit\u00e9. <\/p>\n\n\n\n<p><\/p>\n\n\n\n<h5 class=\"wp-block-heading\">Calendrier des s\u00e9minaires<\/h5>\n\n\n\n\t\t\t\t<div class=\"event-list\">\n\t\t\t\t<style type=\"text\/css\">\n\t\t\t\t\t.filterbar { display:table; width:100% }\n\t\t\t\t\t.filterbar > div { display:table-cell }\n\t\t\t\t<\/style>\n\t\t\t\t<!--[if lte IE 7]>\n\t\t\t\t<style>.filterbar > div { float:left }<\/style>\n\t\t\t\t<![endif]-->\n\t\t\t\t<div class=\"filterbar subsubsub\">\n\t\t\t\t\t<div style=\"text-align:left\"><ul class=\"hlist\"><li><a href=\"https:\/\/michalbenedick.com\/index.php\/revelation-singularite\/?date1=all\">Tous<\/a><\/li><li><strong>A venir<\/strong><\/li><li><a href=\"https:\/\/michalbenedick.com\/index.php\/revelation-singularite\/?date1=2019\">2019<\/a><\/li><li><a href=\"https:\/\/michalbenedick.com\/index.php\/revelation-singularite\/?date1=2020\">2020<\/a><\/li><li><a href=\"https:\/\/michalbenedick.com\/index.php\/revelation-singularite\/?date1=2021\">2021<\/a><\/li><li><a href=\"https:\/\/michalbenedick.com\/index.php\/revelation-singularite\/?date1=2022\">2022<\/a><\/li><li><a href=\"https:\/\/michalbenedick.com\/index.php\/revelation-singularite\/?date1=2023\">2023<\/a><\/li><\/ul>\n\t\t\t\t\t<\/div><\/div><p>Les dates du prochaine semestre ne sont pas encore en ligne. Contactez-moi pour \u00eatre tenu au courant quand elles le seront.<\/p>\n\t\t\t\t<\/div>\n\n\n\n<h5 class=\"wp-block-heading\">&gt;&gt; Informations pratiques<\/h5>\n\n\n\n<ul class=\"wp-block-list\"><li>Dur\u00e9e&nbsp;: 2 jours + une s\u00e9ance individuelle (en cabinet ou sur Skype) de 1h15, 6 \u00e0 8 semaines apr\u00e8s le s\u00e9minaire<\/li><li>\u00c9ligible au fonds d\u2019aide \u00e0 la formation<\/li><li>Chaque s\u00e9minaire est limit\u00e9 \u00e0 4 participants<\/li><li>Tarifs du s\u00e9minaire* :<\/li><\/ul>\n\n\n\n<p>&#8211; Tarif de base : 650\u20ac (inscription moins d&rsquo;un mois avant le s\u00e9minaire) OU&nbsp;\u00ab\u00a0early bird\u00a0\u00bb :&nbsp; 600\u20ac<br> &#8211; Tarif r\u00e9duit : 400\u20ac (demandeurs d&#8217;emploi, \u00e9tudiants, situations particuli\u00e8res)<br> &#8211; Tarif intra, en entreprise : nous consulter<\/p>\n\n\n\n<ul class=\"wp-block-list\"><li><strong>La r\u00e9ception de l\u2019acompte valide l\u2019inscription<\/strong> : 150\u20ac en ligne (<a href=\"https:\/\/michalbenedick.com\/index.php\/inscription-singularite\/\">ici<\/a>), par virement ou par ch\u00e8que (\u00e0 l\u2019ordre de Michal Benedick, 1 rue de Lens, 67000 Strasbourg, France). Le solde est \u00e0 payer au premier jour du s\u00e9minaire.<\/li><li>Nombre de places limit\u00e9<\/li><\/ul>\n\n\n\n<p>* <em>Non assujetti \u00e0 la TVA. Le tarif n&rsquo;inclut pas le d\u00e9jeuner de midi.<\/em><\/p>\n\n\n\n<h5 class=\"wp-block-heading\"><\/h5>\n\n\n\n<div class=\"wp-block-button is-style-outline is-style-outline--3\"><a class=\"wp-block-button__link has-text-color has-very-dark-gray-color has-background has-pale-cyan-blue-background-color\" href=\"https:\/\/michalbenedick.com\/index.php\/recommander\/\" style=\"border-radius:15px\" target=\"_blank\" rel=\"noreferrer noopener\">En parler \u00e0 un ami<\/a><\/div>\n<\/div>\n<\/div>\n","protected":false},"excerpt":{"rendered":"<p>Prenez conscience de ce qui vous motive vraiment, ce que vous faites le mieux et quelles sont les conditions dont vous avez besoin pour vivre cet \u00e9tat de flow. Nous le savons tous : nous sommes notre propre facteur de succ\u00e8s. Mais sommes-nous toujours dans les conditions n\u00e9cessaires pour le d\u00e9velopper ? Oui, \u00e0 condition [&hellip;]<\/p>\n","protected":false},"author":1,"featured_media":0,"parent":0,"menu_order":0,"comment_status":"closed","ping_status":"closed","template":"","meta":{"_monsterinsights_skip_tracking":false,"_monsterinsights_sitenote_active":false,"_monsterinsights_sitenote_note":"","_monsterinsights_sitenote_category":0,"_glsr_average":0,"_glsr_ranking":0,"_glsr_reviews":0,"footnotes":""},"class_list":["post-167","page","type-page","status-publish","hentry"],"_links":{"self":[{"href":"https:\/\/michalbenedick.com\/index.php\/wp-json\/wp\/v2\/pages\/167","targetHints":{"allow":["GET"]}}],"collection":[{"href":"https:\/\/michalbenedick.com\/index.php\/wp-json\/wp\/v2\/pages"}],"about":[{"href":"https:\/\/michalbenedick.com\/index.php\/wp-json\/wp\/v2\/types\/page"}],"author":[{"embeddable":true,"href":"https:\/\/michalbenedick.com\/index.php\/wp-json\/wp\/v2\/users\/1"}],"replies":[{"embeddable":true,"href":"https:\/\/michalbenedick.com\/index.php\/wp-json\/wp\/v2\/comments?post=167"}],"version-history":[{"count":136,"href":"https:\/\/michalbenedick.com\/index.php\/wp-json\/wp\/v2\/pages\/167\/revisions"}],"predecessor-version":[{"id":1112,"href":"https:\/\/michalbenedick.com\/index.php\/wp-json\/wp\/v2\/pages\/167\/revisions\/1112"}],"wp:attachment":[{"href":"https:\/\/michalbenedick.com\/index.php\/wp-json\/wp\/v2\/media?parent=167"}],"curies":[{"name":"wp","href":"https:\/\/api.w.org\/{rel}","templated":true}]}}