{"id":1430,"date":"2024-05-30T14:10:52","date_gmt":"2024-05-30T13:10:52","guid":{"rendered":"https:\/\/michalbenedick.com\/?page_id=1430"},"modified":"2024-09-05T12:51:38","modified_gmt":"2024-09-05T11:51:38","slug":"la-question-du-coach","status":"publish","type":"page","link":"https:\/\/michalbenedick.com\/index.php\/la-question-du-coach\/","title":{"rendered":"La question du coach"},"content":{"rendered":"\n<p>La question du Coach : un jeu de 50 cartes pour changer de point de vue sur une situation.<\/p>\n\n\n<div data-block-name=\"woocommerce\/product-category\" data-categories=\"[50]\" class=\"wc-block-grid wp-block-product-category wp-block-woocommerce-product-category wc-block-product-category has-3-columns has-multiple-rows\"><ul class=\"wc-block-grid__products\"><li class=\"wc-block-grid__product\">\n\t\t\t\t<a href=\"https:\/\/michalbenedick.com\/index.php\/produit\/la-question-du-coach\/\" class=\"wc-block-grid__product-link\">\n\t\t\t\t\t\n\t\t\t\t\t<div class=\"wc-block-grid__product-image\"><img loading=\"lazy\" decoding=\"async\" width=\"300\" height=\"300\" src=\"https:\/\/michalbenedick.com\/wp-content\/uploads\/2024\/09\/20240905_131843-300x300.jpg\" class=\"attachment-woocommerce_thumbnail size-woocommerce_thumbnail\" alt=\"La question du coach\" srcset=\"https:\/\/michalbenedick.com\/wp-content\/uploads\/2024\/09\/20240905_131843-300x300.jpg 300w, https:\/\/michalbenedick.com\/wp-content\/uploads\/2024\/09\/20240905_131843-100x100.jpg 100w\" sizes=\"auto, (max-width: 300px) 100vw, 300px\" \/><\/div>\n\t\t\t\t\t<div class=\"wc-block-grid__product-title\">La question du coach<\/div>\n\t\t\t\t<\/a>\n\t\t\t\t<div class=\"wc-block-grid__product-price price\"><span class=\"woocommerce-Price-amount amount\">15,00&nbsp;<span class=\"woocommerce-Price-currencySymbol\">&euro;<\/span><\/span><\/div>\n\t\t\t\t\n\t\t\t\t<div class=\"wp-block-button wc-block-grid__product-add-to-cart\"><a href=\"\/index.php\/wp-json\/wp\/v2\/pages\/1430?add-to-cart=1594\" aria-label=\"Ajouter au panier\u00a0: &ldquo;La question du coach&rdquo;\" data-quantity=\"1\" data-product_id=\"1594\" data-product_sku=\"la-question-du-coach\" data-price=\"15\" rel=\"nofollow\" class=\"wp-block-button__link wp-element-button add_to_cart_button ajax_add_to_cart\">Ajouter au panier<\/a><\/div>\n\t\t\t<\/li><\/ul><\/div>\n\n<p><span style=\"font-weight: 400;\">Le principe : \u00e0 voix haute, pose une question par rapport \u00e0 une situation qui te fait face. Tire une carte au hasard et lis la question. Observe un temps de silence pour accueillir une nous mani\u00e8re de voir la situation.<\/span><\/p>\n<h2>Les variantes :<\/h2>\n<p><span style=\"font-weight: 400;\"><strong>Variante 1 :<\/strong> tire une seconde carte, c\u2019est la question qui se poserait si ton objectif \u00e9tait atteint. Cela permet d\u2019encore mieux cerner la probl\u00e9matique du pr\u00e9sent.\u00a0<\/span><\/p>\n<p><span style=\"font-weight: 400;\"><strong>Variante 2 :<\/strong> concentre-toi sur ta probl\u00e9matique et tire 10 cartes. Pose le tas devant toi. Lis les cartes tour \u00e0 tour, sans t\u2019arr\u00eater. Si tu termines le paquet, recommence, jusqu\u2019\u00e0 ce que la question qui est la tienne dans cet instant \u00e9merge, telle une \u00e9vidence.<\/span><\/p>\n\n\n<figure class=\"wp-block-image size-large\"><img loading=\"lazy\" decoding=\"async\" width=\"1024\" height=\"499\" src=\"https:\/\/michalbenedick.com\/wp-content\/uploads\/2024\/09\/20240905_131843-1024x499.jpg\" alt=\"\" class=\"wp-image-1801\" srcset=\"https:\/\/michalbenedick.com\/wp-content\/uploads\/2024\/09\/20240905_131843-1024x499.jpg 1024w, https:\/\/michalbenedick.com\/wp-content\/uploads\/2024\/09\/20240905_131843-300x146.jpg 300w, https:\/\/michalbenedick.com\/wp-content\/uploads\/2024\/09\/20240905_131843-768x374.jpg 768w, https:\/\/michalbenedick.com\/wp-content\/uploads\/2024\/09\/20240905_131843-1536x749.jpg 1536w, https:\/\/michalbenedick.com\/wp-content\/uploads\/2024\/09\/20240905_131843-600x292.jpg 600w, https:\/\/michalbenedick.com\/wp-content\/uploads\/2024\/09\/20240905_131843.jpg 1875w\" sizes=\"auto, (max-width: 1024px) 100vw, 1024px\" \/><\/figure>\n","protected":false},"excerpt":{"rendered":"<p>La question du Coach : un jeu de 50 cartes pour changer de point de vue sur une situation. Le principe : \u00e0 voix haute, pose une question par rapport \u00e0 une situation qui te fait face. Tire une carte au hasard et lis la question. Observe un temps de silence pour accueillir une nous [&hellip;]<\/p>\n","protected":false},"author":1,"featured_media":0,"parent":0,"menu_order":0,"comment_status":"closed","ping_status":"closed","template":"","meta":{"_monsterinsights_skip_tracking":false,"_monsterinsights_sitenote_active":false,"_monsterinsights_sitenote_note":"","_monsterinsights_sitenote_category":0,"_glsr_average":0,"_glsr_ranking":0,"_glsr_reviews":0,"footnotes":""},"class_list":["post-1430","page","type-page","status-publish","hentry"],"_links":{"self":[{"href":"https:\/\/michalbenedick.com\/index.php\/wp-json\/wp\/v2\/pages\/1430","targetHints":{"allow":["GET"]}}],"collection":[{"href":"https:\/\/michalbenedick.com\/index.php\/wp-json\/wp\/v2\/pages"}],"about":[{"href":"https:\/\/michalbenedick.com\/index.php\/wp-json\/wp\/v2\/types\/page"}],"author":[{"embeddable":true,"href":"https:\/\/michalbenedick.com\/index.php\/wp-json\/wp\/v2\/users\/1"}],"replies":[{"embeddable":true,"href":"https:\/\/michalbenedick.com\/index.php\/wp-json\/wp\/v2\/comments?post=1430"}],"version-history":[{"count":5,"href":"https:\/\/michalbenedick.com\/index.php\/wp-json\/wp\/v2\/pages\/1430\/revisions"}],"predecessor-version":[{"id":1805,"href":"https:\/\/michalbenedick.com\/index.php\/wp-json\/wp\/v2\/pages\/1430\/revisions\/1805"}],"wp:attachment":[{"href":"https:\/\/michalbenedick.com\/index.php\/wp-json\/wp\/v2\/media?parent=1430"}],"curies":[{"name":"wp","href":"https:\/\/api.w.org\/{rel}","templated":true}]}}