{"id":1415,"date":"2023-03-10T13:46:55","date_gmt":"2023-03-10T12:46:55","guid":{"rendered":"http:\/\/michalbenedick.com\/?page_id=1415"},"modified":"2026-01-27T17:38:52","modified_gmt":"2026-01-27T16:38:52","slug":"qui-je-suis","status":"publish","type":"page","link":"https:\/\/michalbenedick.com\/index.php\/qui-je-suis\/","title":{"rendered":"Qui je suis"},"content":{"rendered":"\n<div class=\"wp-block-media-text is-stacked-on-mobile\" style=\"grid-template-columns:40% auto\"><figure class=\"wp-block-media-text__media\"><img loading=\"lazy\" decoding=\"async\" width=\"298\" height=\"448\" src=\"https:\/\/michalbenedick.com\/wp-content\/uploads\/2014\/06\/MichalBenedick-e1480933345109.jpg\" alt=\"\" class=\"wp-image-161 size-full\" srcset=\"https:\/\/michalbenedick.com\/wp-content\/uploads\/2014\/06\/MichalBenedick-e1480933345109.jpg 298w, https:\/\/michalbenedick.com\/wp-content\/uploads\/2014\/06\/MichalBenedick-e1480933345109-200x300.jpg 200w, https:\/\/michalbenedick.com\/wp-content\/uploads\/2014\/06\/MichalBenedick-e1480933345109-133x200.jpg 133w\" sizes=\"auto, (max-width: 298px) 100vw, 298px\" \/><\/figure><div class=\"wp-block-media-text__content\">\n<p><em>\u00ab\u00a0Qu\u2019est-ce qui permet r\u00e9ellement notre alignement ? Apr\u00e8s des ann\u00e9es de coaching de professionnels, de m\u00e9ditation, de voyages, de lectures et de recherche, une \u00e9vidence se dessine : le retour \u00e0 soi. L\u2019intention de mes accompagnements est de faire la paix avec soi, parce que vous \u00eates votre meilleur alli\u00e9.<\/em>\u00ab\u00a0<\/p>\n<\/div><\/div>\n\n\n\n<ul class=\"wp-block-list\">\n<li>Coach depuis 2010 form\u00e9e \u00e0 l&rsquo;Institut de Coaching International (Paris et Gen\u00e8ve), puis VAE au Centre International du Coach (Lyon)<\/li>\n\n\n\n<li>Accompagnement et recherches \u00ab&nbsp;Singularit\u00e9&nbsp;\u00bb depuis 2015<\/li>\n\n\n\n<li>Je me forme r\u00e9guli\u00e8rement : Communication Non-violente (CNV), m\u00e9diation, PNL, La Personne Apprenante, L&rsquo;Equipe Apprenante, Team Mastery, Investigation appr\u00e9ciative, MBSR et m\u00e9ditation&#8230;<\/li>\n\n\n\n<li>Je travaille beaucoup en partenariat avec d&rsquo;autres professionnels<\/li>\n\n\n\n<li>Auteure de plusieurs ouvrages dont \u00ab\u00a0B\u00e2tir une organisation collaborative\u00a0\u00bb avec Robert Collart, Editions Pearson, 2018 et 2022.<\/li>\n<\/ul>\n\n\n\n<ul class=\"wp-block-list\">\n<li>Master 2 \u00ab\u00a0Politique et gestion de la culture\u00a0\u00bb, IEP de Strasbourg, 2006<\/li>\n\n\n\n<li>Ma\u00eetrise Sciences Politiques, Univ Robert Schumann Strasbourg, 2005<\/li>\n\n\n\n<li>Ma\u00eetrise Arts Plastiques, Univ Marc Bloch Strasbourg, 2004<\/li>\n<\/ul>\n\n\n\n<p>Pour en savoir plus, rencontrons-nous !<\/p>\n\n\n\n<p><\/p>\n","protected":false},"excerpt":{"rendered":"<p>\u00ab\u00a0Qu\u2019est-ce qui permet r\u00e9ellement notre alignement ? Apr\u00e8s des ann\u00e9es de coaching de professionnels, de m\u00e9ditation, de voyages, de lectures et de recherche, une \u00e9vidence se dessine : le retour \u00e0 soi. L\u2019intention de mes accompagnements est de faire la paix avec soi, parce que vous \u00eates votre meilleur alli\u00e9.\u00ab\u00a0 Pour en savoir plus, rencontrons-nous [&hellip;]<\/p>\n","protected":false},"author":1,"featured_media":0,"parent":0,"menu_order":0,"comment_status":"closed","ping_status":"closed","template":"","meta":{"_monsterinsights_skip_tracking":false,"_monsterinsights_sitenote_active":false,"_monsterinsights_sitenote_note":"","_monsterinsights_sitenote_category":0,"_glsr_average":0,"_glsr_ranking":0,"_glsr_reviews":0,"footnotes":""},"class_list":["post-1415","page","type-page","status-publish","hentry"],"_links":{"self":[{"href":"https:\/\/michalbenedick.com\/index.php\/wp-json\/wp\/v2\/pages\/1415","targetHints":{"allow":["GET"]}}],"collection":[{"href":"https:\/\/michalbenedick.com\/index.php\/wp-json\/wp\/v2\/pages"}],"about":[{"href":"https:\/\/michalbenedick.com\/index.php\/wp-json\/wp\/v2\/types\/page"}],"author":[{"embeddable":true,"href":"https:\/\/michalbenedick.com\/index.php\/wp-json\/wp\/v2\/users\/1"}],"replies":[{"embeddable":true,"href":"https:\/\/michalbenedick.com\/index.php\/wp-json\/wp\/v2\/comments?post=1415"}],"version-history":[{"count":9,"href":"https:\/\/michalbenedick.com\/index.php\/wp-json\/wp\/v2\/pages\/1415\/revisions"}],"predecessor-version":[{"id":1917,"href":"https:\/\/michalbenedick.com\/index.php\/wp-json\/wp\/v2\/pages\/1415\/revisions\/1917"}],"wp:attachment":[{"href":"https:\/\/michalbenedick.com\/index.php\/wp-json\/wp\/v2\/media?parent=1415"}],"curies":[{"name":"wp","href":"https:\/\/api.w.org\/{rel}","templated":true}]}}