{"id":1405,"date":"2023-03-10T13:19:09","date_gmt":"2023-03-10T12:19:09","guid":{"rendered":"http:\/\/michalbenedick.com\/?page_id=1405"},"modified":"2026-01-28T11:28:59","modified_gmt":"2026-01-28T10:28:59","slug":"supervision-de-coachs","status":"publish","type":"page","link":"https:\/\/michalbenedick.com\/index.php\/supervision-de-coachs\/","title":{"rendered":"Supervision de coachs"},"content":{"rendered":"\n<div class=\"wp-block-group alignfull has-accent-background-color has-background has-global-padding is-layout-constrained wp-container-core-group-is-layout-669513ed wp-block-group-is-layout-constrained\" style=\"margin-top:0;margin-bottom:0;padding-top:var(--wp--preset--spacing--50);padding-right:var(--wp--preset--spacing--50);padding-bottom:var(--wp--preset--spacing--50);padding-left:var(--wp--preset--spacing--50)\">\n<div class=\"wp-block-columns alignwide is-layout-flex wp-container-core-columns-is-layout-d0bbbce0 wp-block-columns-is-layout-flex\">\n<div class=\"wp-block-column is-layout-flow wp-container-core-column-is-layout-e3d1c41b wp-block-column-is-layout-flow\">\n<p class=\"has-text-align-left has-large-font-size\"><strong>La supervision de coachs<\/strong> <\/p>\n\n\n\n<p>En plus de 15 ans d\u2019activit\u00e9 professionnelle du coaching aupr\u00e8s de personnes, d\u2019\u00e9quipes, de grands groupes, d\u2019association, d\u2019entreprises et de collectivit\u00e9s, j\u2019ai travers\u00e9 ce que la plupart des coachs vivent un jour ou l\u2019autre : des joies profondes, des moments de justesse rare\u2026 mais aussi des doutes, des tensions \u00e9thiques, des situations complexes, parfois inconfortables, parfois d\u00e9routantes ou confrontantes.<\/p>\n\n\n\n<p>Si je devais nommer ce qui a \u00e9t\u00e9 d\u00e9terminant dans mon d\u00e9veloppement professionnel, ce serait sans h\u00e9siter : la supervision.<\/p>\n\n\n\n<p>La supervision est bien plus qu&rsquo;une obligation d\u00e9ontologique pour tout coach professionnel. C&rsquo;est un espace de respiration, un r\u00e9servoir de soutien, un espace de croissance de la pratique professionnelle.&nbsp;<\/p>\n\n\n\n<p>La supervision est un espace s\u00e9curis\u00e9 et paritaire pour :<\/p>\n\n\n\n<ul class=\"wp-block-list\">\n<li>D\u00e9poser ce qui nous bouscule sans avoir \u00e0 \u00ab\u00a0tenir le r\u00f4le\u00a0\u00bb<\/li>\n\n\n\n<li>Eclairer nos angles aveugles<\/li>\n\n\n\n<li>Revisiter nos postures<\/li>\n\n\n\n<li>Questionner nos intuitions<\/li>\n\n\n\n<li>Traverser les dilemnes \u00e9thiques<\/li>\n\n\n\n<li>C\u00e9l\u00e9brer les succ\u00e8s pour continuer \u00e0 structurer, mod\u00e9liser et renforcer la pratique<\/li>\n<\/ul>\n<\/div>\n<\/div>\n<\/div>\n\n\n\n<div class=\"wp-block-group alignfull has-base-2-background-color has-background has-global-padding is-layout-constrained wp-container-core-group-is-layout-796362d6 wp-block-group-is-layout-constrained\" style=\"margin-top:0;margin-bottom:0;padding-top:var(--wp--preset--spacing--40);padding-right:var(--wp--preset--spacing--50);padding-bottom:var(--wp--preset--spacing--40);padding-left:var(--wp--preset--spacing--50)\">\n<div class=\"wp-block-columns alignwide is-layout-flex wp-container-core-columns-is-layout-d0bbbce0 wp-block-columns-is-layout-flex\">\n<div class=\"wp-block-column is-layout-flow wp-container-core-column-is-layout-e3d1c41b wp-block-column-is-layout-flow\">\n<p class=\"has-text-align-left has-large-font-size\"><strong>Quelle superviseur je suis ?<\/strong><\/p>\n\n\n\n<p class=\"has-text-align-left\">Je suis form\u00e9e \u00e0 la supervision aupr\u00e8s de CIC (Centre International du Coach). J\u2019accompagne aujourd&rsquo;hui les coachs professionnels qui souhaitent prendre soin de leur pratique avec conscience et exigence.<\/p>\n\n\n\n<p>J&rsquo;envisage la supervision comme un espace pr\u00e9cieux de rencontre de pair \u00e0 pair. Ce qui est fondamental pour moi :<\/p>\n\n\n\n<ul class=\"wp-block-list\">\n<li>Etre \u00e0 l\u2019\u00e9coute de ce qui est dit<\/li>\n\n\n\n<li>&#8230; et challenger ce qui ne l&rsquo;est pas encore<\/li>\n\n\n\n<li>Soutenir le d\u00e9veloppement de la r\u00e9flexivit\u00e9<\/li>\n\n\n\n<li>Favoriser la prise de conscience de votre identit\u00e9 professionnelle,<\/li>\n\n\n\n<li>Revenir \u00e0 l&rsquo;essentiel : vos rep\u00e8res, vos piliers et valeurs, votre singularit\u00e9 de coach<\/li>\n<\/ul>\n<\/div>\n<\/div>\n<\/div>\n\n\n\n<div class=\"wp-block-group alignfull has-accent-2-background-color has-background has-global-padding is-layout-constrained wp-container-core-group-is-layout-669513ed wp-block-group-is-layout-constrained\" style=\"margin-top:0;margin-bottom:0;padding-top:var(--wp--preset--spacing--50);padding-right:var(--wp--preset--spacing--50);padding-bottom:var(--wp--preset--spacing--50);padding-left:var(--wp--preset--spacing--50)\">\n<div class=\"wp-block-columns alignwide is-layout-flex wp-container-core-columns-is-layout-d0bbbce0 wp-block-columns-is-layout-flex\">\n<div class=\"wp-block-column is-layout-flow wp-container-core-column-is-layout-e3d1c41b wp-block-column-is-layout-flow\">\n<p class=\"has-text-align-left has-large-font-size\"><strong>Modalit\u00e9s de la supervision<\/strong><\/p>\n<\/div>\n<\/div>\n\n\n\n<div class=\"wp-block-columns alignwide is-layout-flex wp-container-core-columns-is-layout-d0bbbce0 wp-block-columns-is-layout-flex\">\n<div class=\"wp-block-column is-layout-flow wp-container-core-column-is-layout-e3d1c41b wp-block-column-is-layout-flow\">\n<ul class=\"wp-block-list\">\n<li>Je supervise uniquement des coachs professionnels certifi\u00e9s<\/li>\n<\/ul>\n<\/div>\n\n\n\n<div class=\"wp-block-column is-layout-flow wp-container-core-column-is-layout-e3d1c41b wp-block-column-is-layout-flow\">\n<ul class=\"wp-block-list\">\n<li>En s\u00e9ance individuelle : 1 heure<\/li>\n<\/ul>\n<\/div>\n\n\n\n<div class=\"wp-block-column is-layout-flow wp-container-core-column-is-layout-e3d1c41b wp-block-column-is-layout-flow\">\n<ul class=\"wp-block-list\">\n<li>et\/ou en groupe consititu\u00e9 de 4 ou 5 pairs : une demie-journ\u00e9e tous les 2 mois.<\/li>\n<\/ul>\n<\/div>\n<\/div>\n<\/div>\n\n\n\n<p><\/p>\n","protected":false},"excerpt":{"rendered":"<p>La supervision de coachs En plus de 15 ans d\u2019activit\u00e9 professionnelle du coaching aupr\u00e8s de personnes, d\u2019\u00e9quipes, de grands groupes, d\u2019association, d\u2019entreprises et de collectivit\u00e9s, j\u2019ai travers\u00e9 ce que la plupart des coachs vivent un jour ou l\u2019autre : des joies profondes, des moments de justesse rare\u2026 mais aussi des doutes, des tensions \u00e9thiques, des [&hellip;]<\/p>\n","protected":false},"author":1,"featured_media":0,"parent":0,"menu_order":0,"comment_status":"closed","ping_status":"closed","template":"","meta":{"_monsterinsights_skip_tracking":false,"_monsterinsights_sitenote_active":false,"_monsterinsights_sitenote_note":"","_monsterinsights_sitenote_category":0,"_glsr_average":0,"_glsr_ranking":0,"_glsr_reviews":0,"footnotes":""},"class_list":["post-1405","page","type-page","status-publish","hentry"],"_links":{"self":[{"href":"https:\/\/michalbenedick.com\/index.php\/wp-json\/wp\/v2\/pages\/1405","targetHints":{"allow":["GET"]}}],"collection":[{"href":"https:\/\/michalbenedick.com\/index.php\/wp-json\/wp\/v2\/pages"}],"about":[{"href":"https:\/\/michalbenedick.com\/index.php\/wp-json\/wp\/v2\/types\/page"}],"author":[{"embeddable":true,"href":"https:\/\/michalbenedick.com\/index.php\/wp-json\/wp\/v2\/users\/1"}],"replies":[{"embeddable":true,"href":"https:\/\/michalbenedick.com\/index.php\/wp-json\/wp\/v2\/comments?post=1405"}],"version-history":[{"count":10,"href":"https:\/\/michalbenedick.com\/index.php\/wp-json\/wp\/v2\/pages\/1405\/revisions"}],"predecessor-version":[{"id":2041,"href":"https:\/\/michalbenedick.com\/index.php\/wp-json\/wp\/v2\/pages\/1405\/revisions\/2041"}],"wp:attachment":[{"href":"https:\/\/michalbenedick.com\/index.php\/wp-json\/wp\/v2\/media?parent=1405"}],"curies":[{"name":"wp","href":"https:\/\/api.w.org\/{rel}","templated":true}]}}