{"id":1219,"date":"2020-10-25T13:41:14","date_gmt":"2020-10-25T12:41:14","guid":{"rendered":"http:\/\/michalbenedick.com\/?page_id=1219"},"modified":"2020-10-25T13:41:14","modified_gmt":"2020-10-25T12:41:14","slug":"modalites-pedagogiques","status":"publish","type":"page","link":"https:\/\/michalbenedick.com\/index.php\/modalites-pedagogiques\/","title":{"rendered":"Modalit\u00e9s p\u00e9dagogiques"},"content":{"rendered":"<h1><b>Adaptation des modalit\u00e9s p\u00e9dagogiques de la formation<\/b><\/h1>\n<p>Toutes nos formations reposent sur une alternance entre th\u00e9orie et exp\u00e9rimentation. La p\u00e9dagogie est toujours centr\u00e9e sur la personne apprenante, avec la prise en compte du chemin d\u00e9j\u00e0 parcouru par le stagiaire, de sa trajectoire et de ses objectifs sp\u00e9cifiques.<\/p>\n<p><strong>La vari\u00e9t\u00e9 des supports p\u00e9dagogiques vise \u00e0 la fois \u00e0 :<\/strong><\/p>\n<ul>\n<li>parler \u00e0 tous les types d\u2019apprenants (selon que le stagiaire accueilli est plus r\u00e9ceptif au discours th\u00e9orique, \u00e0 la d\u00e9monstration, \u00e0 l\u2019exp\u00e9rimentation, \u00e0 l\u2019apprentissage par l\u2019action collective, analyse de cas pratique, etc\u2026) ;<\/li>\n<li>adapter le contenu au canal qui sera le plus pertinent pour le v\u00e9hiculer ;<\/li>\n<li>alterner les activit\u00e9s pour maintenir le niveau d\u2019attention le plus \u00e9lev\u00e9 des participants.<\/li>\n<\/ul>\n<p>Chaque formation commence par une pr\u00e9sentation de chacun, au cours de laquelle il est demand\u00e9 aux participants de s\u2019exprimer sur leur situation et leurs attentes au regard du sujet abord\u00e9.<\/p>\n<p>Cela permet au formateur d\u2019adapter son contenu, c\u2019est \u00e0 dire savoir sur quoi mettre l\u2019accent. Les situations pos\u00e9es par les participants servent \u00e9galement de cas pratique concret dont la r\u00e9flexion est soumise au groupe.<\/p>\n<p>La m\u00e9thode de la ma\u00efeutique est transversale dans les formations : en effet, les stagiaires co-construisent les points cl\u00e9s en suivant le cheminement des questions pos\u00e9es par le formateur.<\/p>\n<p>Notre motivation p\u00e9dagogique : faciliter les transferts de comp\u00e9tences et l\u2019appropriation des mati\u00e8res enseign\u00e9es par le stagiaire, dans l\u2019optique de l\u2019autonomisation des apprenants. Ces derniers devront \u00eatre capable de mettre leurs nouveaux savoirs en pratique, d\u00e8s le lendemain du stage.<\/p>\n","protected":false},"excerpt":{"rendered":"<p>Adaptation des modalit\u00e9s p\u00e9dagogiques de la formation Toutes nos formations reposent sur une alternance entre th\u00e9orie et exp\u00e9rimentation. La p\u00e9dagogie est toujours centr\u00e9e sur la personne apprenante, avec la prise en compte du chemin d\u00e9j\u00e0 parcouru par le stagiaire, de sa trajectoire et de ses objectifs sp\u00e9cifiques. La vari\u00e9t\u00e9 des supports p\u00e9dagogiques vise \u00e0 la [&hellip;]<\/p>\n","protected":false},"author":1,"featured_media":0,"parent":0,"menu_order":0,"comment_status":"closed","ping_status":"closed","template":"","meta":{"_monsterinsights_skip_tracking":false,"_monsterinsights_sitenote_active":false,"_monsterinsights_sitenote_note":"","_monsterinsights_sitenote_category":0,"_glsr_average":0,"_glsr_ranking":0,"_glsr_reviews":0,"footnotes":""},"class_list":["post-1219","page","type-page","status-publish","hentry"],"_links":{"self":[{"href":"https:\/\/michalbenedick.com\/index.php\/wp-json\/wp\/v2\/pages\/1219","targetHints":{"allow":["GET"]}}],"collection":[{"href":"https:\/\/michalbenedick.com\/index.php\/wp-json\/wp\/v2\/pages"}],"about":[{"href":"https:\/\/michalbenedick.com\/index.php\/wp-json\/wp\/v2\/types\/page"}],"author":[{"embeddable":true,"href":"https:\/\/michalbenedick.com\/index.php\/wp-json\/wp\/v2\/users\/1"}],"replies":[{"embeddable":true,"href":"https:\/\/michalbenedick.com\/index.php\/wp-json\/wp\/v2\/comments?post=1219"}],"version-history":[{"count":1,"href":"https:\/\/michalbenedick.com\/index.php\/wp-json\/wp\/v2\/pages\/1219\/revisions"}],"predecessor-version":[{"id":1220,"href":"https:\/\/michalbenedick.com\/index.php\/wp-json\/wp\/v2\/pages\/1219\/revisions\/1220"}],"wp:attachment":[{"href":"https:\/\/michalbenedick.com\/index.php\/wp-json\/wp\/v2\/media?parent=1219"}],"curies":[{"name":"wp","href":"https:\/\/api.w.org\/{rel}","templated":true}]}}