{"id":1198,"date":"2020-10-22T16:36:16","date_gmt":"2020-10-22T15:36:16","guid":{"rendered":"http:\/\/michalbenedick.com\/?page_id=1198"},"modified":"2026-04-16T14:39:58","modified_gmt":"2026-04-16T13:39:58","slug":"acces-financement-et-accessibilite-du-bilan-de-competences","status":"publish","type":"page","link":"https:\/\/michalbenedick.com\/index.php\/acces-financement-et-accessibilite-du-bilan-de-competences\/","title":{"rendered":"Acc\u00e8s, Financement et Accessibilit\u00e9 du Bilan de comp\u00e9tences"},"content":{"rendered":"<h4>MODALITES D&rsquo;ACCES<\/h4>\n<p>L\u2019initiative du bilan de comp\u00e9tences peut \u00e9maner du salari\u00e9. S\u2019il choisit de le faire en dehors du temps de travail, il n\u2019est pas tenu d\u2019informer son employeur de cette d\u00e9marche et peut mobiliser son CPF (Compte personnel de formation). La r\u00e9mun\u00e9ration du salari\u00e9 est maintenue si le bilan a lieu sur le temps de travail. Si le bilan est \u00e0 la demande de l&#8217;employeur, il faut le consentement du salari\u00e9. Toutes ces informations sont accessibles sur le site du Service public.<\/p>\n<p>Des sessions de bilan de comp\u00e9tences sont ouvertes toute l\u2019ann\u00e9e.<\/p>\n<ul>\n<li>Pour chaque demande, nous vous proposons un entretien t\u00e9l\u00e9phonique (gratuit) afin de valider que le bilan de comp\u00e9tences est pertinent au regard de votre situation, de vos attentes et de vos contraintes \u00e9ventuelles.<\/li>\n<li>Lors de cet entretien, les modalit\u00e9s de d\u00e9roulement, les objectifs, les m\u00e9thodes employ\u00e9es, le mode de financement, etc\u2026 sont abord\u00e9s.<\/li>\n<li>Une synth\u00e8se de nos \u00e9changes vous est ensuite adress\u00e9e par mail, avant envoi de la convention qui reprend les \u00e9l\u00e9ments vus ensemble ainsi que les questions logistiques (dates, lieu\u2026) et le devis.<\/li>\n<li>A r\u00e9ception du devis sign\u00e9 ou de votre acompte et de la convention sign\u00e9e, l\u2019organisation logistique, technique, p\u00e9dagogique et financi\u00e8re est finalis\u00e9e.<\/li>\n<\/ul>\n<h4>FINANCEMENT DE VOTRE BILAN DE COMPETENCES<\/h4>\n<p>Les modalit\u00e9s d\u2019acc\u00e8s au bilan de comp\u00e9tences s\u2019adaptent \u00e0 votre situation professionnelle. Aussi, que vous soyez salari\u00e9, profession lib\u00e9rale, demandeur d\u2019emploi ou autre, des solutions de financement existent. Nous sommes \u00e0 votre disposition pour vous les pr\u00e9senter, ainsi que leurs modalit\u00e9s.<\/p>\n<p>Michal Benedick est enregistr\u00e9e en tant qu\u2019organisme de formation, afin de permettre \u00e0 nos clients la prise en charge des frais de formation par leurs fonds d\u2019assurance formation. Certifi\u00e9e Qualiopi.<\/p>\n<p><a href=\"https:\/\/michalbenedick.com\/wp-content\/uploads\/2020\/11\/Logo-Qualiopi-72dpi-Web-56.png\"><img loading=\"lazy\" decoding=\"async\" class=\"alignnone wp-image-1251\" src=\"https:\/\/michalbenedick.com\/wp-content\/uploads\/2020\/11\/Logo-Qualiopi-72dpi-Web-56.png\" alt=\"Qualiopi\" width=\"213\" height=\"68\" srcset=\"https:\/\/michalbenedick.com\/wp-content\/uploads\/2020\/11\/Logo-Qualiopi-72dpi-Web-56.png 398w, https:\/\/michalbenedick.com\/wp-content\/uploads\/2020\/11\/Logo-Qualiopi-72dpi-Web-56-300x96.png 300w, https:\/\/michalbenedick.com\/wp-content\/uploads\/2020\/11\/Logo-Qualiopi-72dpi-Web-56-260x83.png 260w\" sizes=\"auto, (max-width: 213px) 100vw, 213px\" \/> <\/a><a href=\"http:\/\/www.moncompteformation.gouv.fr\" target=\"_blank\" rel=\"noopener noreferrer\"><img loading=\"lazy\" decoding=\"async\" class=\"alignleft wp-image-1253\" src=\"https:\/\/michalbenedick.com\/wp-content\/uploads\/2020\/11\/offre_eligible_mcf_carre_fond_blanc_mini_format_max_20mm_RVB.png\" alt=\"CPF\" width=\"168\" height=\"168\" srcset=\"https:\/\/michalbenedick.com\/wp-content\/uploads\/2020\/11\/offre_eligible_mcf_carre_fond_blanc_mini_format_max_20mm_RVB.png 237w, https:\/\/michalbenedick.com\/wp-content\/uploads\/2020\/11\/offre_eligible_mcf_carre_fond_blanc_mini_format_max_20mm_RVB-100x100.png 100w, https:\/\/michalbenedick.com\/wp-content\/uploads\/2020\/11\/offre_eligible_mcf_carre_fond_blanc_mini_format_max_20mm_RVB-200x200.png 200w\" sizes=\"auto, (max-width: 168px) 100vw, 168px\" \/><\/a><\/p>\n<p>Vous souhaitez financer votre bilan de comp\u00e9tences gr\u00e2ce \u00e0 votre CPF (Compte personnel de formation) ?<\/p>\n<p>Rendez-vous sur le site officiel <a href=\"http:\/\/www.moncompteformation.gouv.fr\">www.moncompteformation.gouv.fr<\/a> pour utiliser votre CPF et vous inscrire au bilan de comp\u00e9tences.<\/p>\n<p>Tout salari\u00e9 peut b\u00e9n\u00e9ficier de la formation professionnelle continue. Pour ce faire, il existe plusieurs dispositifs (liste non exhaustive) :<\/p>\n<ul>\n<li>Financer son bilan de comp\u00e9tences avec son CPF (Reste \u00e0 charge : 150\u20ac depuis le 1er avril 2026)<\/li>\n<li>Financer son bilan de comp\u00e9tences par l\u2019employeur dans le cadre du plan de formation ou du plan de d\u00e9veloppement des comp\u00e9tences ;<\/li>\n<li>L\u2019entreprise peut \u00e9galement demander l\u2019intervention des op\u00e9rateurs de comp\u00e9tences (OPCO).<\/li>\n<\/ul>\n<p>Les op\u00e9rateurs de comp\u00e9tences (OPCO) : le 1er avril 2019, onze op\u00e9rateurs de comp\u00e9tences (OCPO) remplacent les anciens organismes paritaires collecteurs agr\u00e9\u00e9s (OPCA).\u00a0Ces op\u00e9rateurs de comp\u00e9tences ont pour missions de financer l\u2019apprentissage, d\u2019aider les branches \u00e0 construire les certifications professionnelles et d\u2019accompagner les PME pour d\u00e9finir leurs besoins en formation.<\/p>\n<p>Quel est le r\u00f4le des OPCO ?\u00a0Les OPCO, qui prennent en charge les cotisations formation des entreprises, se verront remplac\u00e9s par les OPCO. Le projet de loi indique que tous les op\u00e9rateurs de comp\u00e9tences pris en charge par les partenaires sociaux, financeront les formations, aideront les branches \u00e0 construire les certifications professionnelles et accompagneront les PME afin de cerner leurs besoins en mati\u00e8re d\u2019apprentissage.<\/p>\n<p>Demande de prise en charge ?\u00a0Pour ce faire, il est imp\u00e9ratif de vous adresser \u00e0 votre conseiller OPCO.<\/p>\n<p><em>Plus d\u2019informations sur :\u00a0<\/em><a href=\"https:\/\/travail-emploi.gouv.fr\/ministere\/acteurs\/partenaires\/article\/les-operateurs-de-competences-opco\">travail-emploi.gouv.fr<\/a><\/p>\n<div class=\"fusion-fullwidth fullwidth-box fusion-builder-row-1 nonhundred-percent-fullwidth non-hundred-percent-height-scrolling\">\n<div class=\"fusion-builder-row fusion-row\">\n<div class=\"fusion-layout-column fusion_builder_column fusion-builder-column-0 fusion_builder_column_1_1 1_1 fusion-one-full fusion-column-first fusion-column-last\">\n<div class=\"fusion-column-wrapper fusion-flex-column-wrapper-legacy\">\n<div class=\"fusion-text fusion-text-3\">\n<\/div>\n<\/div>\n<\/div>\n<\/div>\n<\/div>\n<p><img loading=\"lazy\" decoding=\"async\" class=\" wp-image-1375 alignnone\" src=\"http:\/\/www.toutestdanslacom.com\/wp-content\/uploads\/2020\/10\/logo-handicap.png\" alt=\"\" width=\"83\" height=\"83\" \/><\/p>\n<h4>ACCESSIBILIT\u00c9\u00a0AUX PERSONNES EN SITUATION DE HANDICAP<\/h4>\n<div class=\"vc_row wpb_row vc_row-fluid vc_custom_1579292163911\">\n<div class=\"wpb_column vc_column_container vc_col-sm-8\">\n<div class=\"vc_column-inner\">\n<div class=\"wpb_wrapper\">\n<div class=\"wpb_text_column wpb_content_element \">\n<div class=\"wpb_wrapper\">\n<ul>\n<li>Lieu de formation adapt\u00e9 \u00e0 l\u2019accueil des personnes handicap\u00e9es moteur.<\/li>\n<li>Nos formateurs sont sensibilit\u00e9s \u00e0 la question du handicap.<\/li>\n<li>Personnes mal voyantes et mal entendantes : des adaptations sont possibles, nous consulter.<\/li>\n<\/ul>\n<p>Si vous \u00eates en situation de handicap et que vous souhaitez b\u00e9n\u00e9ficier d&rsquo;un bilan de comp\u00e9tences chez nous, merci de nous en informer lors de votre prise de contact. En effet, cela nous permettra de penser en amont aux \u00e9ventuelles adaptations \u00e0 mettre en place. Nous sommes \u00e0 ce titre en lien avec des personnes ressources au sein des associations et institutions sp\u00e9cialis\u00e9es dans la question du handicap.<\/p>\n<\/div>\n<\/div>\n<\/div>\n<\/div>\n<\/div>\n<\/div>\n","protected":false},"excerpt":{"rendered":"<p>MODALITES D&rsquo;ACCES L\u2019initiative du bilan de comp\u00e9tences peut \u00e9maner du salari\u00e9. S\u2019il choisit de le faire en dehors du temps de travail, il n\u2019est pas tenu d\u2019informer son employeur de cette d\u00e9marche et peut mobiliser son CPF (Compte personnel de formation). La r\u00e9mun\u00e9ration du salari\u00e9 est maintenue si le bilan a lieu sur le temps [&hellip;]<\/p>\n","protected":false},"author":1,"featured_media":0,"parent":0,"menu_order":0,"comment_status":"closed","ping_status":"closed","template":"","meta":{"_monsterinsights_skip_tracking":false,"_monsterinsights_sitenote_active":false,"_monsterinsights_sitenote_note":"","_monsterinsights_sitenote_category":0,"_glsr_average":0,"_glsr_ranking":0,"_glsr_reviews":0,"footnotes":""},"class_list":["post-1198","page","type-page","status-publish","hentry"],"_links":{"self":[{"href":"https:\/\/michalbenedick.com\/index.php\/wp-json\/wp\/v2\/pages\/1198","targetHints":{"allow":["GET"]}}],"collection":[{"href":"https:\/\/michalbenedick.com\/index.php\/wp-json\/wp\/v2\/pages"}],"about":[{"href":"https:\/\/michalbenedick.com\/index.php\/wp-json\/wp\/v2\/types\/page"}],"author":[{"embeddable":true,"href":"https:\/\/michalbenedick.com\/index.php\/wp-json\/wp\/v2\/users\/1"}],"replies":[{"embeddable":true,"href":"https:\/\/michalbenedick.com\/index.php\/wp-json\/wp\/v2\/comments?post=1198"}],"version-history":[{"count":9,"href":"https:\/\/michalbenedick.com\/index.php\/wp-json\/wp\/v2\/pages\/1198\/revisions"}],"predecessor-version":[{"id":2148,"href":"https:\/\/michalbenedick.com\/index.php\/wp-json\/wp\/v2\/pages\/1198\/revisions\/2148"}],"wp:attachment":[{"href":"https:\/\/michalbenedick.com\/index.php\/wp-json\/wp\/v2\/media?parent=1198"}],"curies":[{"name":"wp","href":"https:\/\/api.w.org\/{rel}","templated":true}]}}