{"id":1137,"date":"2020-10-08T16:51:43","date_gmt":"2020-10-08T15:51:43","guid":{"rendered":"http:\/\/michalbenedick.com\/?page_id=1137"},"modified":"2026-02-02T17:55:46","modified_gmt":"2026-02-02T16:55:46","slug":"formation-singularite","status":"publish","type":"page","link":"https:\/\/michalbenedick.com\/index.php\/formation-singularite\/","title":{"rendered":"Formation \u00ab\u00a0Identifiez votre singularit\u00e9\u00a0\u00bb"},"content":{"rendered":"\n<p class=\"has-text-align-center has-accent-2-color has-text-color has-medium-font-size\"><strong>Prenez conscience de ce qui vous motive vraiment,<\/strong><\/p>\n\n\n\n<p class=\"has-text-align-center has-accent-2-color has-text-color has-medium-font-size\"><strong>ce que vous faites le mieux<\/strong><\/p>\n\n\n\n<p class=\"has-text-align-center has-accent-2-color has-text-color has-medium-font-size\"><strong>et quelles sont les conditions dont vous avez besoin pour vivre cet \u00e9tat de flow.<\/strong><\/p>\n\n\n\n<div class=\"wp-block-button aligncenter\"><a class=\"wp-block-button__link has-accent-2-background-color has-background wp-element-button\" href=\"https:\/\/michalbenedick.com\/wp-content\/uploads\/2020\/10\/Programme-Formation-Mode-Op\u00e9ratoire-1.pdf\">T\u00e9l\u00e9chargez le programme de formation<\/a><\/div>\n\n\n\n<p><strong>Objectifs<\/strong><\/p>\n\n\n\n<ul class=\"wp-block-list\">\n<li>Identifiez votre fonctionnement naturel et spontan\u00e9<\/li>\n\n\n\n<li>D\u00e9couvrez ce qui vous motive r\u00e9ellement et quelle est votre valeur ajout\u00e9e<\/li>\n\n\n\n<li>Mettons des mots sur vos comp\u00e9tences et savoir-\u00eatre<\/li>\n\n\n\n<li>Identifiez les conditions dont vous avez besoin pour \u00eatre en \u00e9tat de flow<\/li>\n<\/ul>\n\n\n\n<hr class=\"wp-block-separator has-css-opacity\"\/>\n\n\n\n<p><\/p>\n\n\n\n<h4 class=\"wp-block-heading\"><strong>Public concern\u00e9<\/strong><\/h4>\n\n\n\n<p>Professions lib\u00e9rales (coachs, consultants, formateurs&#8230;) en recherche de mise en coh\u00e9rence de leur offre diff\u00e9renciante. Dirigeants et salari\u00e9s souhaitant pr\u00e9ciser leur valeur ajout\u00e9e. Toute personne en transition professionnelle.<\/p>\n\n\n\n<h4 class=\"wp-block-heading\"><strong>Dates<\/strong><\/h4>\n\n\n\n<p>Laissez-nous votre adresse mail pour \u00eatre tenu au courant des dates \u00e0 venir.<\/p>\n\n\n\n<h4 class=\"wp-block-heading\"><strong>Conditions<\/strong><\/h4>\n\n\n\n<p><strong>Pr\u00e9requis :<\/strong> \u00eatre volontaire<\/p>\n\n\n\n<p><strong>Dur\u00e9e<\/strong> de la formation en INTER : 2 journ\u00e9es en regroupement + 1h de suivi individuel (soit 15 heures de formation au total).<\/p>\n\n\n\n<p><strong>Groupe<\/strong> limit\u00e9 \u00e0 5 participants<\/p>\n\n\n\n<p><strong>Tarif<\/strong> par participant :<\/p>\n\n\n\n<ul class=\"wp-block-list\">\n<li>1050\u20ac net &#8211; entreprise<\/li>\n\n\n\n<li>850\u20ac net &#8211; professions lib\u00e9rales, TPE<\/li>\n\n\n\n<li>650\u20ac net &#8211; particuliers<\/li>\n\n\n\n<li>400\u20ac net &#8211; \u00e9tudiants<\/li>\n<\/ul>\n\n\n\n<p>Vous souhaitez le faire en INTRA pour votre \u00e9quipe ? Nous consulter pour explorer ensemble vos besoins et pour connaitre les tarifs.<\/p>\n\n\n\n<p>TVA non&nbsp;applicable selon l&rsquo;article 293 B du Code G\u00e9n\u00e9ral des Imp\u00f4ts.<\/p>\n\n\n\n<h4 class=\"wp-block-heading\">Formation accessible aux personnes handicap\u00e9es :<\/h4>\n\n\n\n<ul class=\"wp-block-list\">\n<li>Lieu de formation adapt\u00e9 \u00e0 l\u2019accueil des personnes handicap\u00e9es moteur.<\/li>\n\n\n\n<li>Personnes mal voyantes et mal entendantes, des adaptations sont possibles, nous consulter.<\/li>\n<\/ul>\n\n\n\n<div class=\"wp-block-group alignwide is-content-justification-center is-layout-flex wp-container-core-group-is-layout-b02886af wp-block-group-is-layout-flex\">\n<div class=\"wp-block-group is-nowrap is-layout-flex wp-container-core-group-is-layout-6c531013 wp-block-group-is-layout-flex\">\n<div class=\"wp-block-group is-nowrap is-layout-flex wp-container-core-group-is-layout-6c531013 wp-block-group-is-layout-flex\">\n<div class=\"wp-block-buttons is-layout-flex wp-block-buttons-is-layout-flex\">\n<div class=\"wp-block-button\"><a class=\"wp-block-button__link has-accent-2-background-color has-background wp-element-button\" href=\"https:\/\/michalbenedick.com\/index.php\/inscription-singularite\/\">S&rsquo;inscrire \u00e0 la formation<\/a><\/div>\n<\/div>\n<\/div>\n<\/div>\n\n\n\n<div class=\"wp-block-buttons is-layout-flex wp-block-buttons-is-layout-flex\">\n<div class=\"wp-block-button\"><a class=\"wp-block-button__link has-accent-2-background-color has-background wp-element-button\" href=\"https:\/\/michalbenedick.com\/index.php\/modalites-dacces-et-accessibilite\/\">Modalit\u00e9s accessibilit\u00e9 et financement<\/a><\/div>\n<\/div>\n\n\n\n<div class=\"wp-block-buttons is-layout-flex wp-block-buttons-is-layout-flex\">\n<div class=\"wp-block-button\"><a class=\"wp-block-button__link has-accent-2-background-color has-background wp-element-button\" href=\"https:\/\/michalbenedick.com\/index.php\/deroulement-dune-formation\/\">D\u00e9roulement des formations<\/a><\/div>\n<\/div>\n<\/div>\n\n\n\n<div class=\"wp-block-media-text is-stacked-on-mobile\" style=\"margin-top:var(--wp--preset--spacing--30);margin-bottom:var(--wp--preset--spacing--30);grid-template-columns:38% auto\"><figure class=\"wp-block-media-text__media\"><img loading=\"lazy\" decoding=\"async\" width=\"790\" height=\"422\" src=\"https:\/\/michalbenedick.com\/wp-content\/uploads\/2023\/03\/Certification-Qualiopi.jpg\" alt=\"Qualiopi\" class=\"wp-image-1396 size-full\" srcset=\"https:\/\/michalbenedick.com\/wp-content\/uploads\/2023\/03\/Certification-Qualiopi.jpg 790w, https:\/\/michalbenedick.com\/wp-content\/uploads\/2023\/03\/Certification-Qualiopi-600x321.jpg 600w, https:\/\/michalbenedick.com\/wp-content\/uploads\/2023\/03\/Certification-Qualiopi-300x160.jpg 300w, https:\/\/michalbenedick.com\/wp-content\/uploads\/2023\/03\/Certification-Qualiopi-768x410.jpg 768w, https:\/\/michalbenedick.com\/wp-content\/uploads\/2023\/03\/Certification-Qualiopi-260x139.jpg 260w\" sizes=\"auto, (max-width: 790px) 100vw, 790px\" \/><\/figure><div class=\"wp-block-media-text__content\">\n<p>Notre organisme de formation est certifi\u00e9 Qualiopi au titre du bilan de comp\u00e9tences et de la formation.<\/p>\n<\/div><\/div>\n\n\n\n<div class=\"wp-block-buttons alignwide is-content-justification-center is-layout-flex wp-container-core-buttons-is-layout-a89b3969 wp-block-buttons-is-layout-flex\">\n<div class=\"wp-block-button\"><a class=\"wp-block-button__link has-accent-2-background-color has-background wp-element-button\" href=\"https:\/\/michalbenedick.com\/wp-content\/uploads\/2024\/09\/certificat-B00661-2024-11-14T23_00_00Z-Qualiopi.pdf\" target=\"_blank\" rel=\"noreferrer noopener\">Certificat Qualiopi<\/a><\/div>\n<\/div>\n\n\n\n<div class=\"wp-block-group alignfull has-accent-2-background-color has-background has-global-padding is-layout-constrained wp-container-core-group-is-layout-490fa1db wp-block-group-is-layout-constrained\" style=\"padding-top:var(--wp--preset--spacing--50);padding-right:var(--wp--preset--spacing--50);padding-bottom:var(--wp--preset--spacing--50);padding-left:var(--wp--preset--spacing--50)\">\n<div class=\"wp-block-group has-global-padding is-layout-constrained wp-container-core-group-is-layout-650790e1 wp-block-group-is-layout-constrained\">\n<h1 class=\"wp-block-heading has-text-align-center has-x-large-font-size\">Vous souhaitez proposer une formation sur-mesure \u00e0 votre organisation ?<\/h1>\n\n\n\n<div style=\"height:1.25rem\" aria-hidden=\"true\" class=\"wp-block-spacer\"><\/div>\n\n\n\n<p class=\"has-text-align-center has-small-font-size\">Contactez-nous pour \u00e9changer sur vos besoins concernant la gestion du stress en organisation, la singularit\u00e9 et la communication interpersonnelle. <\/p>\n\n\n\n<p class=\"has-text-align-center has-accent-2-color has-text-color has-link-color has-small-font-size wp-elements-07fc152c0e0bf91096bdbff0419ad313\">   .<\/p>\n\n\n\n<p class=\"has-text-align-center has-small-font-size\"><strong>Satisfaction en 2023 : 10\/10 (sur 1 formation dispens\u00e9e)<\/strong><\/p>\n\n\n\n<div style=\"height:1.25rem\" aria-hidden=\"true\" class=\"wp-block-spacer\"><\/div>\n\n\n\n<div class=\"wp-block-buttons is-content-justification-center is-layout-flex wp-container-core-buttons-is-layout-a89b3969 wp-block-buttons-is-layout-flex\">\n<div class=\"wp-block-button\"><a class=\"wp-block-button__link has-contrast-color has-base-2-background-color has-text-color has-background has-link-color wp-element-button\" href=\"https:\/\/michalbenedick.com\/index.php\/contact\/\">Contactez-nous<\/a><\/div>\n<\/div>\n<\/div>\n<\/div>\n\n\n\n<p class=\"has-base-color has-text-color has-link-color wp-elements-c45a837bbd5cb475b19e8a453fc3add0\">&#8230;<\/p>\n\n\n\n<div class=\"wp-block-group has-white-background-color has-background is-layout-flow wp-block-group-is-layout-flow\" style=\"padding-top:var(--wp--preset--spacing--80);padding-right:0;padding-bottom:var(--wp--preset--spacing--80);padding-left:0\">\n<div class=\"wp-block-buttons is-content-justification-center is-layout-flex wp-container-core-buttons-is-layout-a89b3969 wp-block-buttons-is-layout-flex\"><\/div>\n<\/div>\n\n\n\n<p class=\"has-text-align-center\" style=\"margin-top:0;margin-bottom:var(--wp--preset--spacing--40)\">Consulter les <a href=\"https:\/\/michalbenedick.com\/wp-content\/uploads\/2024\/08\/CGV-maj-janv2024-1.pdf\" target=\"_blank\" rel=\"noreferrer noopener\">Conditions G\u00e9n\u00e9rales de Vente<\/a>.<\/p>\n","protected":false},"excerpt":{"rendered":"<p>Prenez conscience de ce qui vous motive vraiment, ce que vous faites le mieux et quelles sont les conditions dont vous avez besoin pour vivre cet \u00e9tat de flow. Objectifs Public concern\u00e9 Professions lib\u00e9rales (coachs, consultants, formateurs&#8230;) en recherche de mise en coh\u00e9rence de leur offre diff\u00e9renciante. Dirigeants et salari\u00e9s souhaitant pr\u00e9ciser leur valeur ajout\u00e9e. [&hellip;]<\/p>\n","protected":false},"author":1,"featured_media":0,"parent":0,"menu_order":0,"comment_status":"closed","ping_status":"closed","template":"","meta":{"_monsterinsights_skip_tracking":false,"_monsterinsights_sitenote_active":false,"_monsterinsights_sitenote_note":"","_monsterinsights_sitenote_category":0,"_glsr_average":0,"_glsr_ranking":0,"_glsr_reviews":0,"footnotes":""},"class_list":["post-1137","page","type-page","status-publish","hentry"],"_links":{"self":[{"href":"https:\/\/michalbenedick.com\/index.php\/wp-json\/wp\/v2\/pages\/1137","targetHints":{"allow":["GET"]}}],"collection":[{"href":"https:\/\/michalbenedick.com\/index.php\/wp-json\/wp\/v2\/pages"}],"about":[{"href":"https:\/\/michalbenedick.com\/index.php\/wp-json\/wp\/v2\/types\/page"}],"author":[{"embeddable":true,"href":"https:\/\/michalbenedick.com\/index.php\/wp-json\/wp\/v2\/users\/1"}],"replies":[{"embeddable":true,"href":"https:\/\/michalbenedick.com\/index.php\/wp-json\/wp\/v2\/comments?post=1137"}],"version-history":[{"count":44,"href":"https:\/\/michalbenedick.com\/index.php\/wp-json\/wp\/v2\/pages\/1137\/revisions"}],"predecessor-version":[{"id":1866,"href":"https:\/\/michalbenedick.com\/index.php\/wp-json\/wp\/v2\/pages\/1137\/revisions\/1866"}],"wp:attachment":[{"href":"https:\/\/michalbenedick.com\/index.php\/wp-json\/wp\/v2\/media?parent=1137"}],"curies":[{"name":"wp","href":"https:\/\/api.w.org\/{rel}","templated":true}]}}